{"id":1002,"date":"2025-01-07T18:55:52","date_gmt":"2025-01-07T15:55:52","guid":{"rendered":"https:\/\/www.temaahsap.com\/?page_id=1002"},"modified":"2025-01-07T19:41:52","modified_gmt":"2025-01-07T16:41:52","slug":"electrical-engineering-references","status":"publish","type":"page","link":"https:\/\/www.temaahsap.com\/?page_id=1002","title":{"rendered":"ELECTRICAL ENGINEERING WORK REFERENCES"},"content":{"rendered":"\n<figure class=\"wp-block-image size-full is-resized\"><img decoding=\"async\" loading=\"lazy\" src=\"https:\/\/www.temaahsap.com\/wp-content\/uploads\/2025\/01\/Ekran-goruntusu-2025-01-07-194032.jpg\" alt=\"\" class=\"wp-image-1021\" width=\"842\" height=\"304\" srcset=\"https:\/\/www.temaahsap.com\/wp-content\/uploads\/2025\/01\/Ekran-goruntusu-2025-01-07-194032.jpg 913w, https:\/\/www.temaahsap.com\/wp-content\/uploads\/2025\/01\/Ekran-goruntusu-2025-01-07-194032-300x108.jpg 300w, https:\/\/www.temaahsap.com\/wp-content\/uploads\/2025\/01\/Ekran-goruntusu-2025-01-07-194032-768x278.jpg 768w\" sizes=\"(max-width: 842px) 100vw, 842px\" \/><\/figure>\n\n\n\n<ul>\n<li>BE\u015e\u0130KTA\u015e JK FC CLUB &#8211; Electircal Lighting Project<\/li>\n<\/ul>\n\n\n\n<ul>\n<li>MINISTRY OF ISTANBUL CITY &#8211; 2019-2020 IBB Parks and Gardens Lighting Projects: Installation of   Lighting Infrastructure in Bakirk\u00f6y Coast and Y\u0131ld\u0131z Park <\/li>\n<\/ul>\n\n\n\n<ul>\n<li>MUSUL MEDICAL HOSPITAL &#8211; Electrical work<\/li>\n<\/ul>\n\n\n\n<ul>\n<li>T\u00dcRK\u0130YE CROSS BORDER DOOR OF EDIRNE HAMZABEYLI &#8211; Electrical work  <\/li>\n<\/ul>\n\n\n\n<ul>\n<li>ALGERIA KONSTANTIN &#8211; MILITARY HOTEL ELECTRICAL WORKS<\/li>\n<\/ul>\n\n\n\n<ul>\n<li>ALGERIA SKI CENTER &#8211; Electrical work<\/li>\n<\/ul>\n\n\n\n<ul>\n<li>BEDA\u015e &#8211; BO\u011eAZ\u0130\u00c7\u0130 ELEKT\u0130R\u0130K DA\u011eITIM &#8211;  2012, the production and application of electrically conductive paint on BEDA\u015e (Bo\u011fazi\u00e7i Electricity Distribution Company) electricity poles throughout ISTANBUL was carried out.<\/li>\n<\/ul>\n\n\n\n<ul>\n<li>MINISTRY OF ISTANBUL CITY &#8211; 2013, manufacturing and SMART METER changes were made in 3 districts of ISTANBUL.<\/li>\n<\/ul>\n\n\n\n<ul>\n<li>STATE POST OFFICE &#8211; PTT 2017-2018 Turkey-wide PTT and ATM manufacturing and installation<\/li>\n<\/ul>\n\n\n\n<ul>\n<li>\u00c7ORLU CARDBOARD FACTORY FACILITY &#8211; All Electrical work<\/li>\n<\/ul>\n","protected":false},"excerpt":{"rendered":"","protected":false},"author":2,"featured_media":0,"parent":0,"menu_order":0,"comment_status":"closed","ping_status":"closed","template":"","meta":[],"_links":{"self":[{"href":"https:\/\/www.temaahsap.com\/index.php?rest_route=\/wp\/v2\/pages\/1002"}],"collection":[{"href":"https:\/\/www.temaahsap.com\/index.php?rest_route=\/wp\/v2\/pages"}],"about":[{"href":"https:\/\/www.temaahsap.com\/index.php?rest_route=\/wp\/v2\/types\/page"}],"author":[{"embeddable":true,"href":"https:\/\/www.temaahsap.com\/index.php?rest_route=\/wp\/v2\/users\/2"}],"replies":[{"embeddable":true,"href":"https:\/\/www.temaahsap.com\/index.php?rest_route=%2Fwp%2Fv2%2Fcomments&post=1002"}],"version-history":[{"count":12,"href":"https:\/\/www.temaahsap.com\/index.php?rest_route=\/wp\/v2\/pages\/1002\/revisions"}],"predecessor-version":[{"id":1022,"href":"https:\/\/www.temaahsap.com\/index.php?rest_route=\/wp\/v2\/pages\/1002\/revisions\/1022"}],"wp:attachment":[{"href":"https:\/\/www.temaahsap.com\/index.php?rest_route=%2Fwp%2Fv2%2Fmedia&parent=1002"}],"curies":[{"name":"wp","href":"https:\/\/api.w.org\/{rel}","templated":true}]}}