{"id":11,"date":"2017-01-29T14:07:47","date_gmt":"2017-01-29T11:07:47","guid":{"rendered":"http:\/\/www.temaahsap.com\/?page_id=11"},"modified":"2024-11-05T01:29:44","modified_gmt":"2024-11-04T22:29:44","slug":"hakkimizda","status":"publish","type":"page","link":"https:\/\/www.temaahsap.com\/?page_id=11","title":{"rendered":"HAKKIMIZDA \/ ABOUT US"},"content":{"rendered":"<h4><img decoding=\"async\" loading=\"lazy\" class=\" wp-image-501 alignleft\" src=\"https:\/\/www.temaahsap.com\/wp-content\/uploads\/2020\/12\/TEMA-AH\u015eAP-HAKKIMIZDA-225x300.jpg\" alt=\"\" width=\"378\" height=\"504\" srcset=\"https:\/\/www.temaahsap.com\/wp-content\/uploads\/2020\/12\/TEMA-AH\u015eAP-HAKKIMIZDA-225x300.jpg 225w, https:\/\/www.temaahsap.com\/wp-content\/uploads\/2020\/12\/TEMA-AH\u015eAP-HAKKIMIZDA.jpg 768w\" sizes=\"(max-width: 378px) 100vw, 378px\" \/><\/h4>\n<p>TR : Tema Ah\u015fap\u2019\u0131n ula\u015ft\u0131\u011f\u0131 ba\u015far\u0131n\u0131n arkas\u0131nda m\u00fc\u015fteri odakl\u0131 ve verimli\u011fi merkez alan bir y\u00f6netim anlay\u0131\u015f\u0131 vard\u0131r.<\/p>\n<p>Bu yakla\u015f\u0131m sadece maddi kazan\u0131mlarla de\u011fil \u00e7evresel ve b\u00f6lgesel sorumluluklar alarak m\u00fc\u015fterilerimize en kaliteli projeler sunmaktad\u0131r.<\/p>\n<p>\u0130novasyon d\u00fc\u015f\u00fcncesini gerek \u00fcr\u00fcnlerimizde gerek projelerde,sizlerden ald\u0131\u011f\u0131m\u0131z ilhamla,birlikte ataca\u011f\u0131m\u0131z emin ad\u0131mlar\u0131, m\u00fc\u015fterilerimizin olumlu geri d\u00f6n\u00fc\u015fleri ile daha istikrarl\u0131 ve umut dolu atmaktay\u0131z.<\/p>\n<p>Hayalinizdeki ve projelerinizdeki i\u015fleri kusursuz ve k\u0131sa s\u00fcrede teslim etmek temel prensibimizdir.<\/p>\n<p>EN : The success achieved by Tema Ah\u015fap is rooted in a management approach that focuses on customer orientation and efficiency. This approach not only yields financial gains but also takes on environmental and regional responsibilities, allowing us to provide our customers with the highest quality projects.<\/p>\n<p>We are taking confident steps in innovation, inspired by you, in both our products and projects. With the positive feedback from our customers, we are making these steps more stable and hopeful. Delivering the work of your dreams and projects flawlessly and in a short time is our fundamental principle.<\/p>\n","protected":false},"excerpt":{"rendered":"<p>TR : Tema Ah\u015fap\u2019\u0131n ula\u015ft\u0131\u011f\u0131 ba\u015far\u0131n\u0131n arkas\u0131nda m\u00fc\u015fteri odakl\u0131 ve verimli\u011fi merkez alan bir y\u00f6netim anlay\u0131\u015f\u0131 vard\u0131r. Bu yakla\u015f\u0131m sadece maddi kazan\u0131mlarla de\u011fil \u00e7evresel ve b\u00f6lgesel sorumluluklar alarak m\u00fc\u015fterilerimize en kaliteli projeler sunmaktad\u0131r. \u0130novasyon d\u00fc\u015f\u00fcncesini gerek \u00fcr\u00fcnlerimizde gerek projelerde,sizlerden ald\u0131\u011f\u0131m\u0131z ilhamla,birlikte ataca\u011f\u0131m\u0131z emin ad\u0131mlar\u0131, m\u00fc\u015fterilerimizin olumlu geri d\u00f6n\u00fc\u015fleri ile daha istikrarl\u0131 ve umut dolu atmaktay\u0131z. [&hellip;]<\/p>\n","protected":false},"author":2,"featured_media":0,"parent":0,"menu_order":0,"comment_status":"closed","ping_status":"closed","template":"","meta":[],"_links":{"self":[{"href":"https:\/\/www.temaahsap.com\/index.php?rest_route=\/wp\/v2\/pages\/11"}],"collection":[{"href":"https:\/\/www.temaahsap.com\/index.php?rest_route=\/wp\/v2\/pages"}],"about":[{"href":"https:\/\/www.temaahsap.com\/index.php?rest_route=\/wp\/v2\/types\/page"}],"author":[{"embeddable":true,"href":"https:\/\/www.temaahsap.com\/index.php?rest_route=\/wp\/v2\/users\/2"}],"replies":[{"embeddable":true,"href":"https:\/\/www.temaahsap.com\/index.php?rest_route=%2Fwp%2Fv2%2Fcomments&post=11"}],"version-history":[{"count":12,"href":"https:\/\/www.temaahsap.com\/index.php?rest_route=\/wp\/v2\/pages\/11\/revisions"}],"predecessor-version":[{"id":889,"href":"https:\/\/www.temaahsap.com\/index.php?rest_route=\/wp\/v2\/pages\/11\/revisions\/889"}],"wp:attachment":[{"href":"https:\/\/www.temaahsap.com\/index.php?rest_route=%2Fwp%2Fv2%2Fmedia&parent=11"}],"curies":[{"name":"wp","href":"https:\/\/api.w.org\/{rel}","templated":true}]}}