{"id":306,"date":"2020-12-15T19:29:28","date_gmt":"2020-12-15T16:29:28","guid":{"rendered":"http:\/\/www.temaahsap.com\/?page_id=306"},"modified":"2024-11-05T01:11:06","modified_gmt":"2024-11-04T22:11:06","slug":"emlak-konut-cami-projesi","status":"publish","type":"page","link":"https:\/\/www.temaahsap.com\/?page_id=306","title":{"rendered":"EMLAK KONUT &#8211; BA\u015eAK\u015eEH\u0130R CAM\u0130 PROJES\u0130"},"content":{"rendered":"\n<div class=\"wp-block-group is-layout-constrained\"><div class=\"wp-block-group__inner-container\">\n<figure class=\"wp-block-gallery has-nested-images columns-default is-cropped wp-block-gallery-1 is-layout-flex\">\n<figure class=\"wp-block-image size-large\"><a href=\"https:\/\/www.temaahsap.com\/wp-content\/uploads\/2020\/12\/cami-2.jpg\"><img decoding=\"async\" loading=\"lazy\" width=\"768\" height=\"1024\" src=\"https:\/\/www.temaahsap.com\/wp-content\/uploads\/2020\/12\/cami-2-768x1024.jpg\" alt=\"\" class=\"wp-image-265\" srcset=\"https:\/\/www.temaahsap.com\/wp-content\/uploads\/2020\/12\/cami-2.jpg 768w, https:\/\/www.temaahsap.com\/wp-content\/uploads\/2020\/12\/cami-2-225x300.jpg 225w\" sizes=\"(max-width: 768px) 100vw, 768px\" \/><\/a><\/figure>\n\n\n\n<figure class=\"wp-block-image size-large\"><a href=\"https:\/\/www.temaahsap.com\/wp-content\/uploads\/2020\/12\/cami9.jpg\"><img decoding=\"async\" loading=\"lazy\" width=\"768\" height=\"1024\" src=\"https:\/\/www.temaahsap.com\/wp-content\/uploads\/2020\/12\/cami9-768x1024.jpg\" alt=\"\" class=\"wp-image-267\" srcset=\"https:\/\/www.temaahsap.com\/wp-content\/uploads\/2020\/12\/cami9.jpg 768w, https:\/\/www.temaahsap.com\/wp-content\/uploads\/2020\/12\/cami9-225x300.jpg 225w\" sizes=\"(max-width: 768px) 100vw, 768px\" \/><\/a><\/figure>\n\n\n\n<figure class=\"wp-block-image size-large\"><a href=\"https:\/\/www.temaahsap.com\/wp-content\/uploads\/2020\/12\/cami10.jpg\"><img decoding=\"async\" loading=\"lazy\" width=\"768\" height=\"1024\" src=\"https:\/\/www.temaahsap.com\/wp-content\/uploads\/2020\/12\/cami10-768x1024.jpg\" alt=\"\" class=\"wp-image-268\" srcset=\"https:\/\/www.temaahsap.com\/wp-content\/uploads\/2020\/12\/cami10.jpg 768w, https:\/\/www.temaahsap.com\/wp-content\/uploads\/2020\/12\/cami10-225x300.jpg 225w\" sizes=\"(max-width: 768px) 100vw, 768px\" \/><\/a><\/figure>\n\n\n\n<figure class=\"wp-block-image size-large\"><a href=\"https:\/\/www.temaahsap.com\/wp-content\/uploads\/2020\/12\/cami1.jpg\"><img decoding=\"async\" loading=\"lazy\" width=\"768\" height=\"1024\" src=\"https:\/\/www.temaahsap.com\/wp-content\/uploads\/2020\/12\/cami1-768x1024.jpg\" alt=\"\" class=\"wp-image-266\" srcset=\"https:\/\/www.temaahsap.com\/wp-content\/uploads\/2020\/12\/cami1.jpg 768w, https:\/\/www.temaahsap.com\/wp-content\/uploads\/2020\/12\/cami1-225x300.jpg 225w\" sizes=\"(max-width: 768px) 100vw, 768px\" \/><\/a><\/figure>\n<\/figure>\n<\/div><\/div>\n","protected":false},"excerpt":{"rendered":"","protected":false},"author":2,"featured_media":0,"parent":0,"menu_order":0,"comment_status":"closed","ping_status":"closed","template":"","meta":[],"_links":{"self":[{"href":"https:\/\/www.temaahsap.com\/index.php?rest_route=\/wp\/v2\/pages\/306"}],"collection":[{"href":"https:\/\/www.temaahsap.com\/index.php?rest_route=\/wp\/v2\/pages"}],"about":[{"href":"https:\/\/www.temaahsap.com\/index.php?rest_route=\/wp\/v2\/types\/page"}],"author":[{"embeddable":true,"href":"https:\/\/www.temaahsap.com\/index.php?rest_route=\/wp\/v2\/users\/2"}],"replies":[{"embeddable":true,"href":"https:\/\/www.temaahsap.com\/index.php?rest_route=%2Fwp%2Fv2%2Fcomments&post=306"}],"version-history":[{"count":9,"href":"https:\/\/www.temaahsap.com\/index.php?rest_route=\/wp\/v2\/pages\/306\/revisions"}],"predecessor-version":[{"id":874,"href":"https:\/\/www.temaahsap.com\/index.php?rest_route=\/wp\/v2\/pages\/306\/revisions\/874"}],"wp:attachment":[{"href":"https:\/\/www.temaahsap.com\/index.php?rest_route=%2Fwp%2Fv2%2Fmedia&parent=306"}],"curies":[{"name":"wp","href":"https:\/\/api.w.org\/{rel}","templated":true}]}}