{"id":324,"date":"2020-12-16T11:05:17","date_gmt":"2020-12-16T08:05:17","guid":{"rendered":"http:\/\/www.temaahsap.com\/?page_id=324"},"modified":"2024-11-05T01:07:04","modified_gmt":"2024-11-04T22:07:04","slug":"emlak-konut-avcilar-gol-panoroma-cami-projesi","status":"publish","type":"page","link":"https:\/\/www.temaahsap.com\/?page_id=324","title":{"rendered":"EMLAK KONUT \u2013 AVCILAR G\u00d6L PANOROMA CAM\u0130 PROJES\u0130"},"content":{"rendered":"\n<figure class=\"wp-block-gallery has-nested-images columns-default is-cropped wp-block-gallery-1 is-layout-flex\">\n<figure class=\"wp-block-image size-large\"><a href=\"https:\/\/www.temaahsap.com\/wp-content\/uploads\/2020\/12\/4b70d41d-10f0-4003-b7ea-8896d3f01cc0.jpg\"><img decoding=\"async\" loading=\"lazy\" width=\"768\" height=\"1024\" data-id=\"327\"  src=\"https:\/\/www.temaahsap.com\/wp-content\/uploads\/2020\/12\/4b70d41d-10f0-4003-b7ea-8896d3f01cc0-768x1024.jpg\" alt=\"\" class=\"wp-image-327\" srcset=\"https:\/\/www.temaahsap.com\/wp-content\/uploads\/2020\/12\/4b70d41d-10f0-4003-b7ea-8896d3f01cc0.jpg 768w, https:\/\/www.temaahsap.com\/wp-content\/uploads\/2020\/12\/4b70d41d-10f0-4003-b7ea-8896d3f01cc0-225x300.jpg 225w\" sizes=\"(max-width: 768px) 100vw, 768px\" \/><\/a><\/figure>\n\n\n\n<figure class=\"wp-block-image size-large\"><a href=\"https:\/\/www.temaahsap.com\/wp-content\/uploads\/2020\/12\/46899e5c-6e05-4b0e-9be7-88bdaffa0450.jpg\"><img decoding=\"async\" loading=\"lazy\" width=\"768\" height=\"1024\" data-id=\"347\"  src=\"https:\/\/www.temaahsap.com\/wp-content\/uploads\/2020\/12\/46899e5c-6e05-4b0e-9be7-88bdaffa0450-768x1024.jpg\" alt=\"\" class=\"wp-image-347\" srcset=\"https:\/\/www.temaahsap.com\/wp-content\/uploads\/2020\/12\/46899e5c-6e05-4b0e-9be7-88bdaffa0450.jpg 768w, https:\/\/www.temaahsap.com\/wp-content\/uploads\/2020\/12\/46899e5c-6e05-4b0e-9be7-88bdaffa0450-225x300.jpg 225w\" sizes=\"(max-width: 768px) 100vw, 768px\" \/><\/a><\/figure>\n\n\n\n<figure class=\"wp-block-image size-large\"><a href=\"https:\/\/www.temaahsap.com\/wp-content\/uploads\/2020\/12\/cami1-1.jpg\"><img decoding=\"async\" loading=\"lazy\" width=\"768\" height=\"1024\" data-id=\"329\"  src=\"https:\/\/www.temaahsap.com\/wp-content\/uploads\/2020\/12\/cami1-1-768x1024.jpg\" alt=\"\" class=\"wp-image-329\" srcset=\"https:\/\/www.temaahsap.com\/wp-content\/uploads\/2020\/12\/cami1-1.jpg 768w, https:\/\/www.temaahsap.com\/wp-content\/uploads\/2020\/12\/cami1-1-225x300.jpg 225w\" sizes=\"(max-width: 768px) 100vw, 768px\" \/><\/a><\/figure>\n\n\n\n<figure class=\"wp-block-image size-large\"><a href=\"https:\/\/www.temaahsap.com\/wp-content\/uploads\/2020\/12\/0f98b43b-ae4c-4d27-80b3-c175f50face9.jpg\"><img decoding=\"async\" loading=\"lazy\" width=\"768\" height=\"1024\" data-id=\"342\"  src=\"https:\/\/www.temaahsap.com\/wp-content\/uploads\/2020\/12\/0f98b43b-ae4c-4d27-80b3-c175f50face9-768x1024.jpg\" alt=\"\" class=\"wp-image-342\" srcset=\"https:\/\/www.temaahsap.com\/wp-content\/uploads\/2020\/12\/0f98b43b-ae4c-4d27-80b3-c175f50face9.jpg 768w, https:\/\/www.temaahsap.com\/wp-content\/uploads\/2020\/12\/0f98b43b-ae4c-4d27-80b3-c175f50face9-225x300.jpg 225w\" sizes=\"(max-width: 768px) 100vw, 768px\" \/><\/a><\/figure>\n\n\n\n<figure class=\"wp-block-image size-large\"><a href=\"https:\/\/www.temaahsap.com\/wp-content\/uploads\/2020\/12\/1bb9bb8b-060c-43c5-b85a-98924178880f.jpg\"><img decoding=\"async\" loading=\"lazy\" width=\"768\" height=\"1024\" data-id=\"343\"  src=\"https:\/\/www.temaahsap.com\/wp-content\/uploads\/2020\/12\/1bb9bb8b-060c-43c5-b85a-98924178880f-768x1024.jpg\" alt=\"\" class=\"wp-image-343\" srcset=\"https:\/\/www.temaahsap.com\/wp-content\/uploads\/2020\/12\/1bb9bb8b-060c-43c5-b85a-98924178880f.jpg 768w, https:\/\/www.temaahsap.com\/wp-content\/uploads\/2020\/12\/1bb9bb8b-060c-43c5-b85a-98924178880f-225x300.jpg 225w\" sizes=\"(max-width: 768px) 100vw, 768px\" \/><\/a><\/figure>\n\n\n\n<figure class=\"wp-block-image size-large\"><a href=\"https:\/\/www.temaahsap.com\/wp-content\/uploads\/2020\/12\/32db2e77-8698-4310-a5d1-236dc01866ae.jpg\"><img decoding=\"async\" loading=\"lazy\" width=\"768\" height=\"1024\" data-id=\"344\"  src=\"https:\/\/www.temaahsap.com\/wp-content\/uploads\/2020\/12\/32db2e77-8698-4310-a5d1-236dc01866ae-768x1024.jpg\" alt=\"\" class=\"wp-image-344\" srcset=\"https:\/\/www.temaahsap.com\/wp-content\/uploads\/2020\/12\/32db2e77-8698-4310-a5d1-236dc01866ae.jpg 768w, https:\/\/www.temaahsap.com\/wp-content\/uploads\/2020\/12\/32db2e77-8698-4310-a5d1-236dc01866ae-225x300.jpg 225w\" sizes=\"(max-width: 768px) 100vw, 768px\" \/><\/a><\/figure>\n\n\n\n<figure class=\"wp-block-image size-large\"><a href=\"https:\/\/www.temaahsap.com\/wp-content\/uploads\/2020\/12\/65f72b38-b741-420e-a2d6-835f94e21071.jpg\"><img decoding=\"async\" loading=\"lazy\" width=\"768\" height=\"1024\" data-id=\"345\"  src=\"https:\/\/www.temaahsap.com\/wp-content\/uploads\/2020\/12\/65f72b38-b741-420e-a2d6-835f94e21071-768x1024.jpg\" alt=\"\" class=\"wp-image-345\" srcset=\"https:\/\/www.temaahsap.com\/wp-content\/uploads\/2020\/12\/65f72b38-b741-420e-a2d6-835f94e21071.jpg 768w, https:\/\/www.temaahsap.com\/wp-content\/uploads\/2020\/12\/65f72b38-b741-420e-a2d6-835f94e21071-225x300.jpg 225w\" sizes=\"(max-width: 768px) 100vw, 768px\" \/><\/a><\/figure>\n\n\n\n<figure class=\"wp-block-image size-large\"><a href=\"https:\/\/www.temaahsap.com\/wp-content\/uploads\/2020\/12\/93cbc397-837b-4abf-8495-635210da316a.jpg\"><img decoding=\"async\" loading=\"lazy\" width=\"768\" height=\"1024\" data-id=\"346\"  src=\"https:\/\/www.temaahsap.com\/wp-content\/uploads\/2020\/12\/93cbc397-837b-4abf-8495-635210da316a-768x1024.jpg\" alt=\"\" class=\"wp-image-346\" srcset=\"https:\/\/www.temaahsap.com\/wp-content\/uploads\/2020\/12\/93cbc397-837b-4abf-8495-635210da316a.jpg 768w, https:\/\/www.temaahsap.com\/wp-content\/uploads\/2020\/12\/93cbc397-837b-4abf-8495-635210da316a-225x300.jpg 225w\" sizes=\"(max-width: 768px) 100vw, 768px\" \/><\/a><\/figure>\n\n\n\n<figure class=\"wp-block-image size-large\"><a href=\"https:\/\/www.temaahsap.com\/wp-content\/uploads\/2020\/12\/935973c7-0146-4af5-8e4d-3932fafcf71e.jpg\"><img decoding=\"async\" loading=\"lazy\" width=\"768\" height=\"1024\" data-id=\"348\"  src=\"https:\/\/www.temaahsap.com\/wp-content\/uploads\/2020\/12\/935973c7-0146-4af5-8e4d-3932fafcf71e-768x1024.jpg\" alt=\"\" class=\"wp-image-348\" srcset=\"https:\/\/www.temaahsap.com\/wp-content\/uploads\/2020\/12\/935973c7-0146-4af5-8e4d-3932fafcf71e.jpg 768w, https:\/\/www.temaahsap.com\/wp-content\/uploads\/2020\/12\/935973c7-0146-4af5-8e4d-3932fafcf71e-225x300.jpg 225w\" sizes=\"(max-width: 768px) 100vw, 768px\" \/><\/a><\/figure>\n\n\n\n<figure class=\"wp-block-image size-large\"><a href=\"https:\/\/www.temaahsap.com\/wp-content\/uploads\/2020\/12\/cc777e5f-6fb6-4a9c-8cb9-aa7bc32b79f1.jpg\"><img decoding=\"async\" loading=\"lazy\" width=\"1024\" height=\"1014\" data-id=\"349\"  src=\"https:\/\/www.temaahsap.com\/wp-content\/uploads\/2020\/12\/cc777e5f-6fb6-4a9c-8cb9-aa7bc32b79f1-1024x1014.jpg\" alt=\"\" class=\"wp-image-349\" srcset=\"https:\/\/www.temaahsap.com\/wp-content\/uploads\/2020\/12\/cc777e5f-6fb6-4a9c-8cb9-aa7bc32b79f1.jpg 1024w, https:\/\/www.temaahsap.com\/wp-content\/uploads\/2020\/12\/cc777e5f-6fb6-4a9c-8cb9-aa7bc32b79f1-150x150.jpg 150w, https:\/\/www.temaahsap.com\/wp-content\/uploads\/2020\/12\/cc777e5f-6fb6-4a9c-8cb9-aa7bc32b79f1-300x297.jpg 300w, https:\/\/www.temaahsap.com\/wp-content\/uploads\/2020\/12\/cc777e5f-6fb6-4a9c-8cb9-aa7bc32b79f1-768x761.jpg 768w\" sizes=\"(max-width: 1024px) 100vw, 1024px\" \/><\/a><\/figure>\n\n\n\n<figure class=\"wp-block-image size-large\"><a href=\"https:\/\/www.temaahsap.com\/wp-content\/uploads\/2020\/12\/cami-2-1.jpg\"><img decoding=\"async\" loading=\"lazy\" width=\"768\" height=\"1024\" data-id=\"328\"  src=\"https:\/\/www.temaahsap.com\/wp-content\/uploads\/2020\/12\/cami-2-1-768x1024.jpg\" alt=\"\" class=\"wp-image-328\" srcset=\"https:\/\/www.temaahsap.com\/wp-content\/uploads\/2020\/12\/cami-2-1.jpg 768w, https:\/\/www.temaahsap.com\/wp-content\/uploads\/2020\/12\/cami-2-1-225x300.jpg 225w\" sizes=\"(max-width: 768px) 100vw, 768px\" \/><\/a><\/figure>\n<\/figure>\n\n\n\n<figure class=\"wp-block-gallery has-nested-images columns-default is-cropped wp-block-gallery-3 is-layout-flex\">\n<figure class=\"wp-block-image\"><img decoding=\"async\" loading=\"lazy\" width=\"768\" height=\"1024\" data-id=\"358\"  src=\"https:\/\/www.temaahsap.com\/wp-content\/uploads\/2020\/12\/8156214d-f9d3-41ed-b491-495123aa7b59-768x1024.jpg\" alt=\"\" class=\"wp-image-358\" srcset=\"https:\/\/www.temaahsap.com\/wp-content\/uploads\/2020\/12\/8156214d-f9d3-41ed-b491-495123aa7b59.jpg 768w, https:\/\/www.temaahsap.com\/wp-content\/uploads\/2020\/12\/8156214d-f9d3-41ed-b491-495123aa7b59-225x300.jpg 225w\" sizes=\"(max-width: 768px) 100vw, 768px\" \/><\/figure>\n\n\n\n<figure class=\"wp-block-image\"><img decoding=\"async\" loading=\"lazy\" width=\"768\" height=\"1024\" data-id=\"359\"  src=\"https:\/\/www.temaahsap.com\/wp-content\/uploads\/2020\/12\/65f72b38-b741-420e-a2d6-835f94e21071-1-1-768x1024.jpg\" alt=\"\" class=\"wp-image-359\" srcset=\"https:\/\/www.temaahsap.com\/wp-content\/uploads\/2020\/12\/65f72b38-b741-420e-a2d6-835f94e21071-1-1.jpg 768w, https:\/\/www.temaahsap.com\/wp-content\/uploads\/2020\/12\/65f72b38-b741-420e-a2d6-835f94e21071-1-1-225x300.jpg 225w\" sizes=\"(max-width: 768px) 100vw, 768px\" \/><\/figure>\n\n\n\n<figure class=\"wp-block-image\"><img decoding=\"async\" loading=\"lazy\" width=\"768\" height=\"1024\" data-id=\"360\"  src=\"https:\/\/www.temaahsap.com\/wp-content\/uploads\/2020\/12\/810d6557-e585-464a-8b6c-f839cb5ced88-768x1024.jpg\" alt=\"\" class=\"wp-image-360\" srcset=\"https:\/\/www.temaahsap.com\/wp-content\/uploads\/2020\/12\/810d6557-e585-464a-8b6c-f839cb5ced88.jpg 768w, https:\/\/www.temaahsap.com\/wp-content\/uploads\/2020\/12\/810d6557-e585-464a-8b6c-f839cb5ced88-225x300.jpg 225w\" sizes=\"(max-width: 768px) 100vw, 768px\" \/><\/figure>\n\n\n\n<figure class=\"wp-block-image\"><img decoding=\"async\" loading=\"lazy\" width=\"1024\" height=\"768\" data-id=\"361\"  src=\"https:\/\/www.temaahsap.com\/wp-content\/uploads\/2020\/12\/40133fa9-d5a0-433b-9dae-f33c55213e9a-1024x768.jpg\" alt=\"\" class=\"wp-image-361\" srcset=\"https:\/\/www.temaahsap.com\/wp-content\/uploads\/2020\/12\/40133fa9-d5a0-433b-9dae-f33c55213e9a.jpg 1024w, https:\/\/www.temaahsap.com\/wp-content\/uploads\/2020\/12\/40133fa9-d5a0-433b-9dae-f33c55213e9a-300x225.jpg 300w, https:\/\/www.temaahsap.com\/wp-content\/uploads\/2020\/12\/40133fa9-d5a0-433b-9dae-f33c55213e9a-768x576.jpg 768w\" sizes=\"(max-width: 1024px) 100vw, 1024px\" \/><\/figure>\n\n\n\n<figure class=\"wp-block-image\"><img decoding=\"async\" loading=\"lazy\" width=\"767\" height=\"1024\" data-id=\"362\"  src=\"https:\/\/www.temaahsap.com\/wp-content\/uploads\/2020\/12\/f80a16fb-d228-44d0-a2f7-2ef677f8c1cd-767x1024.jpg\" alt=\"\" class=\"wp-image-362\" srcset=\"https:\/\/www.temaahsap.com\/wp-content\/uploads\/2020\/12\/f80a16fb-d228-44d0-a2f7-2ef677f8c1cd.jpg 767w, https:\/\/www.temaahsap.com\/wp-content\/uploads\/2020\/12\/f80a16fb-d228-44d0-a2f7-2ef677f8c1cd-225x300.jpg 225w\" sizes=\"(max-width: 767px) 100vw, 767px\" \/><\/figure>\n<\/figure>\n","protected":false},"excerpt":{"rendered":"","protected":false},"author":1,"featured_media":0,"parent":0,"menu_order":0,"comment_status":"closed","ping_status":"closed","template":"","meta":[],"_links":{"self":[{"href":"https:\/\/www.temaahsap.com\/index.php?rest_route=\/wp\/v2\/pages\/324"}],"collection":[{"href":"https:\/\/www.temaahsap.com\/index.php?rest_route=\/wp\/v2\/pages"}],"about":[{"href":"https:\/\/www.temaahsap.com\/index.php?rest_route=\/wp\/v2\/types\/page"}],"author":[{"embeddable":true,"href":"https:\/\/www.temaahsap.com\/index.php?rest_route=\/wp\/v2\/users\/1"}],"replies":[{"embeddable":true,"href":"https:\/\/www.temaahsap.com\/index.php?rest_route=%2Fwp%2Fv2%2Fcomments&post=324"}],"version-history":[{"count":9,"href":"https:\/\/www.temaahsap.com\/index.php?rest_route=\/wp\/v2\/pages\/324\/revisions"}],"predecessor-version":[{"id":869,"href":"https:\/\/www.temaahsap.com\/index.php?rest_route=\/wp\/v2\/pages\/324\/revisions\/869"}],"wp:attachment":[{"href":"https:\/\/www.temaahsap.com\/index.php?rest_route=%2Fwp%2Fv2%2Fmedia&parent=324"}],"curies":[{"name":"wp","href":"https:\/\/api.w.org\/{rel}","templated":true}]}}