{"id":337,"date":"2020-12-16T11:15:44","date_gmt":"2020-12-16T08:15:44","guid":{"rendered":"http:\/\/www.temaahsap.com\/?page_id=337"},"modified":"2024-11-05T01:04:42","modified_gmt":"2024-11-04T22:04:42","slug":"didim-esin-thermal-palace-hotel","status":"publish","type":"page","link":"https:\/\/www.temaahsap.com\/?page_id=337","title":{"rendered":"D\u0130D\u0130M E\u015e\u0130N THERMAL PALACE HOTEL"},"content":{"rendered":"\n<p><strong>Komple \u0130\u00e7 Dekorasyon Ve Mobilya \u0130\u015fleri Anahtar Teslimi<\/strong> <\/p>\n\n\n\n<p>Complete Interior Decoration and Furniture Works <\/p>\n\n\n\n<div class=\"wp-block-group is-layout-constrained\"><div class=\"wp-block-group__inner-container\">\n<figure class=\"wp-block-gallery has-nested-images columns-default is-cropped wp-block-gallery-1 is-layout-flex\">\n<figure class=\"wp-block-image\"><a href=\"https:\/\/www.temaahsap.com\/wp-content\/uploads\/2020\/12\/e\u015fin-palace-2.jpg\"><img decoding=\"async\" loading=\"lazy\" width=\"596\" height=\"451\" src=\"https:\/\/www.temaahsap.com\/wp-content\/uploads\/2020\/12\/e\u015fin-palace-2.jpg\" alt=\"\" class=\"wp-image-603\" srcset=\"https:\/\/www.temaahsap.com\/wp-content\/uploads\/2020\/12\/e\u015fin-palace-2.jpg 596w, https:\/\/www.temaahsap.com\/wp-content\/uploads\/2020\/12\/e\u015fin-palace-2-300x227.jpg 300w\" sizes=\"(max-width: 596px) 100vw, 596px\" \/><\/a><\/figure>\n\n\n\n<figure class=\"wp-block-image\"><img decoding=\"async\" loading=\"lazy\" width=\"700\" height=\"467\" src=\"https:\/\/www.temaahsap.com\/wp-content\/uploads\/2024\/06\/akbuk-palace.jpg\" alt=\"\" class=\"wp-image-787\" srcset=\"https:\/\/www.temaahsap.com\/wp-content\/uploads\/2024\/06\/akbuk-palace.jpg 700w, https:\/\/www.temaahsap.com\/wp-content\/uploads\/2024\/06\/akbuk-palace-300x200.jpg 300w\" sizes=\"(max-width: 700px) 100vw, 700px\" \/><\/figure>\n\n\n\n<figure class=\"wp-block-image\"><img decoding=\"async\" loading=\"lazy\" width=\"654\" height=\"438\" src=\"https:\/\/www.temaahsap.com\/wp-content\/uploads\/2024\/06\/Screenshot_1.jpg\" alt=\"\" class=\"wp-image-789\" srcset=\"https:\/\/www.temaahsap.com\/wp-content\/uploads\/2024\/06\/Screenshot_1.jpg 654w, https:\/\/www.temaahsap.com\/wp-content\/uploads\/2024\/06\/Screenshot_1-300x201.jpg 300w\" sizes=\"(max-width: 654px) 100vw, 654px\" \/><\/figure>\n\n\n\n<figure class=\"wp-block-image\"><img decoding=\"async\" loading=\"lazy\" width=\"730\" height=\"443\" src=\"https:\/\/www.temaahsap.com\/wp-content\/uploads\/2024\/06\/Screenshot_2.jpg\" alt=\"\" class=\"wp-image-788\" srcset=\"https:\/\/www.temaahsap.com\/wp-content\/uploads\/2024\/06\/Screenshot_2.jpg 730w, https:\/\/www.temaahsap.com\/wp-content\/uploads\/2024\/06\/Screenshot_2-300x182.jpg 300w\" sizes=\"(max-width: 730px) 100vw, 730px\" \/><\/figure>\n\n\n\n<figure class=\"wp-block-image\"><img decoding=\"async\" loading=\"lazy\" width=\"992\" height=\"661\" src=\"https:\/\/www.temaahsap.com\/wp-content\/uploads\/2024\/06\/Screenshot_3.jpg\" alt=\"\" class=\"wp-image-792\" srcset=\"https:\/\/www.temaahsap.com\/wp-content\/uploads\/2024\/06\/Screenshot_3.jpg 992w, https:\/\/www.temaahsap.com\/wp-content\/uploads\/2024\/06\/Screenshot_3-300x200.jpg 300w, https:\/\/www.temaahsap.com\/wp-content\/uploads\/2024\/06\/Screenshot_3-768x512.jpg 768w\" sizes=\"(max-width: 992px) 100vw, 992px\" \/><\/figure>\n\n\n\n<figure class=\"wp-block-image\"><img decoding=\"async\" loading=\"lazy\" width=\"731\" height=\"446\" src=\"https:\/\/www.temaahsap.com\/wp-content\/uploads\/2024\/06\/Screenshot_4.jpg\" alt=\"\" class=\"wp-image-790\" srcset=\"https:\/\/www.temaahsap.com\/wp-content\/uploads\/2024\/06\/Screenshot_4.jpg 731w, https:\/\/www.temaahsap.com\/wp-content\/uploads\/2024\/06\/Screenshot_4-300x183.jpg 300w\" sizes=\"(max-width: 731px) 100vw, 731px\" \/><\/figure>\n\n\n\n<figure class=\"wp-block-image\"><img decoding=\"async\" loading=\"lazy\" width=\"726\" height=\"437\" src=\"https:\/\/www.temaahsap.com\/wp-content\/uploads\/2024\/06\/Screenshot_5.jpg\" alt=\"\" class=\"wp-image-791\" srcset=\"https:\/\/www.temaahsap.com\/wp-content\/uploads\/2024\/06\/Screenshot_5.jpg 726w, https:\/\/www.temaahsap.com\/wp-content\/uploads\/2024\/06\/Screenshot_5-300x181.jpg 300w\" sizes=\"(max-width: 726px) 100vw, 726px\" \/><\/figure>\n<\/figure>\n<\/div><\/div>\n","protected":false},"excerpt":{"rendered":"<p>Komple \u0130\u00e7 Dekorasyon Ve Mobilya \u0130\u015fleri Anahtar Teslimi Complete Interior Decoration and Furniture Works<\/p>\n","protected":false},"author":2,"featured_media":0,"parent":0,"menu_order":0,"comment_status":"closed","ping_status":"closed","template":"","meta":[],"_links":{"self":[{"href":"https:\/\/www.temaahsap.com\/index.php?rest_route=\/wp\/v2\/pages\/337"}],"collection":[{"href":"https:\/\/www.temaahsap.com\/index.php?rest_route=\/wp\/v2\/pages"}],"about":[{"href":"https:\/\/www.temaahsap.com\/index.php?rest_route=\/wp\/v2\/types\/page"}],"author":[{"embeddable":true,"href":"https:\/\/www.temaahsap.com\/index.php?rest_route=\/wp\/v2\/users\/2"}],"replies":[{"embeddable":true,"href":"https:\/\/www.temaahsap.com\/index.php?rest_route=%2Fwp%2Fv2%2Fcomments&post=337"}],"version-history":[{"count":6,"href":"https:\/\/www.temaahsap.com\/index.php?rest_route=\/wp\/v2\/pages\/337\/revisions"}],"predecessor-version":[{"id":866,"href":"https:\/\/www.temaahsap.com\/index.php?rest_route=\/wp\/v2\/pages\/337\/revisions\/866"}],"wp:attachment":[{"href":"https:\/\/www.temaahsap.com\/index.php?rest_route=%2Fwp%2Fv2%2Fmedia&parent=337"}],"curies":[{"name":"wp","href":"https:\/\/api.w.org\/{rel}","templated":true}]}}