{"id":466,"date":"2020-12-16T12:26:19","date_gmt":"2020-12-16T09:26:19","guid":{"rendered":"http:\/\/www.temaahsap.com\/?page_id=466"},"modified":"2024-11-05T01:23:26","modified_gmt":"2024-11-04T22:23:26","slug":"gaziantep-sahinbey-belediyesi-yesilvadi-konutlari-276-daire","status":"publish","type":"page","link":"https:\/\/www.temaahsap.com\/?page_id=466","title":{"rendered":"GAZ\u0130ANTEP \u015eAH\u0130NBEY BELED\u0130YES\u0130 YE\u015e\u0130LVAD\u0130 KONUTLARI 702 DA\u0130RE"},"content":{"rendered":"\n<p>All wooden works for 702 apartments have been produced and installed, and the project has been delivered.<\/p>\n\n\n\n<figure class=\"wp-block-gallery has-nested-images columns-default is-cropped wp-block-gallery-1 is-layout-flex\">\n<figure class=\"wp-block-image size-large\"><img decoding=\"async\" loading=\"lazy\" width=\"891\" height=\"581\" data-id=\"880\"  src=\"https:\/\/www.temaahsap.com\/wp-content\/uploads\/2024\/11\/yesilvadi-konutkari.jpg\" alt=\"\" class=\"wp-image-880\" srcset=\"https:\/\/www.temaahsap.com\/wp-content\/uploads\/2024\/11\/yesilvadi-konutkari.jpg 891w, https:\/\/www.temaahsap.com\/wp-content\/uploads\/2024\/11\/yesilvadi-konutkari-300x196.jpg 300w, https:\/\/www.temaahsap.com\/wp-content\/uploads\/2024\/11\/yesilvadi-konutkari-768x501.jpg 768w\" sizes=\"(max-width: 891px) 100vw, 891px\" \/><\/figure>\n<\/figure>\n","protected":false},"excerpt":{"rendered":"<p>All wooden works for 702 apartments have been produced and installed, and the project has been delivered.<\/p>\n","protected":false},"author":1,"featured_media":0,"parent":0,"menu_order":0,"comment_status":"closed","ping_status":"closed","template":"","meta":[],"_links":{"self":[{"href":"https:\/\/www.temaahsap.com\/index.php?rest_route=\/wp\/v2\/pages\/466"}],"collection":[{"href":"https:\/\/www.temaahsap.com\/index.php?rest_route=\/wp\/v2\/pages"}],"about":[{"href":"https:\/\/www.temaahsap.com\/index.php?rest_route=\/wp\/v2\/types\/page"}],"author":[{"embeddable":true,"href":"https:\/\/www.temaahsap.com\/index.php?rest_route=\/wp\/v2\/users\/1"}],"replies":[{"embeddable":true,"href":"https:\/\/www.temaahsap.com\/index.php?rest_route=%2Fwp%2Fv2%2Fcomments&post=466"}],"version-history":[{"count":3,"href":"https:\/\/www.temaahsap.com\/index.php?rest_route=\/wp\/v2\/pages\/466\/revisions"}],"predecessor-version":[{"id":881,"href":"https:\/\/www.temaahsap.com\/index.php?rest_route=\/wp\/v2\/pages\/466\/revisions\/881"}],"wp:attachment":[{"href":"https:\/\/www.temaahsap.com\/index.php?rest_route=%2Fwp%2Fv2%2Fmedia&parent=466"}],"curies":[{"name":"wp","href":"https:\/\/api.w.org\/{rel}","templated":true}]}}