{"id":470,"date":"2020-12-16T12:28:48","date_gmt":"2020-12-16T09:28:48","guid":{"rendered":"http:\/\/www.temaahsap.com\/?page_id=470"},"modified":"2024-11-05T01:24:22","modified_gmt":"2024-11-04T22:24:22","slug":"wyndham-grand-hotel-istanbul-europe","status":"publish","type":"page","link":"https:\/\/www.temaahsap.com\/?page_id=470","title":{"rendered":"WYNDHAM GRAND HOTEL ISTANBUL EUROPE"},"content":{"rendered":"\n<p><strong>Ah\u015fap \u0130\u015fleri Proje Teslim<\/strong><\/p>\n\n\n\n<p>Woodwork Project Delivery<\/p>\n\n\n\n<figure class=\"wp-block-image is-resized\"><img decoding=\"async\" loading=\"lazy\" src=\"https:\/\/www.temaahsap.com\/wp-content\/uploads\/2020\/12\/whndham-istanbul-europe-2.png\" alt=\"\" class=\"wp-image-611\" width=\"183\" height=\"127\"\/><\/figure>\n\n\n\n<figure class=\"wp-block-gallery has-nested-images columns-default is-cropped wp-block-gallery-1 is-layout-flex\">\n<figure class=\"wp-block-image\"><a href=\"https:\/\/www.temaahsap.com\/wp-content\/uploads\/2020\/12\/whndham-istanbul-europe.png\"><img decoding=\"async\" loading=\"lazy\" width=\"467\" height=\"269\" data-id=\"612\"  src=\"https:\/\/www.temaahsap.com\/wp-content\/uploads\/2020\/12\/whndham-istanbul-europe.png\" alt=\"\" class=\"wp-image-612\" srcset=\"https:\/\/www.temaahsap.com\/wp-content\/uploads\/2020\/12\/whndham-istanbul-europe.png 467w, https:\/\/www.temaahsap.com\/wp-content\/uploads\/2020\/12\/whndham-istanbul-europe-300x173.png 300w\" sizes=\"(max-width: 467px) 100vw, 467px\" \/><\/a><\/figure>\n<\/figure>\n","protected":false},"excerpt":{"rendered":"<p>Ah\u015fap \u0130\u015fleri Proje Teslim Woodwork Project Delivery<\/p>\n","protected":false},"author":2,"featured_media":0,"parent":0,"menu_order":0,"comment_status":"closed","ping_status":"closed","template":"","meta":[],"_links":{"self":[{"href":"https:\/\/www.temaahsap.com\/index.php?rest_route=\/wp\/v2\/pages\/470"}],"collection":[{"href":"https:\/\/www.temaahsap.com\/index.php?rest_route=\/wp\/v2\/pages"}],"about":[{"href":"https:\/\/www.temaahsap.com\/index.php?rest_route=\/wp\/v2\/types\/page"}],"author":[{"embeddable":true,"href":"https:\/\/www.temaahsap.com\/index.php?rest_route=\/wp\/v2\/users\/2"}],"replies":[{"embeddable":true,"href":"https:\/\/www.temaahsap.com\/index.php?rest_route=%2Fwp%2Fv2%2Fcomments&post=470"}],"version-history":[{"count":3,"href":"https:\/\/www.temaahsap.com\/index.php?rest_route=\/wp\/v2\/pages\/470\/revisions"}],"predecessor-version":[{"id":882,"href":"https:\/\/www.temaahsap.com\/index.php?rest_route=\/wp\/v2\/pages\/470\/revisions\/882"}],"wp:attachment":[{"href":"https:\/\/www.temaahsap.com\/index.php?rest_route=%2Fwp%2Fv2%2Fmedia&parent=470"}],"curies":[{"name":"wp","href":"https:\/\/api.w.org\/{rel}","templated":true}]}}