{"id":474,"date":"2020-12-16T12:30:10","date_gmt":"2020-12-16T09:30:10","guid":{"rendered":"http:\/\/www.temaahsap.com\/?page_id=474"},"modified":"2024-11-05T01:27:07","modified_gmt":"2024-11-04T22:27:07","slug":"ozyurtlar-ncadde-business","status":"publish","type":"page","link":"https:\/\/www.temaahsap.com\/?page_id=474","title":{"rendered":"\u00d6ZYURTLAR \u0130N\u015eAAT NCADDE BUSINESS"},"content":{"rendered":"\n<p>Woodwork Project Delivery<\/p>\n\n\n\n<div class=\"wp-block-group is-layout-constrained\"><div class=\"wp-block-group__inner-container\">\n<figure class=\"wp-block-gallery has-nested-images columns-default is-cropped wp-block-gallery-1 is-layout-flex\">\n<figure class=\"wp-block-image size-large\"><img decoding=\"async\" loading=\"lazy\" width=\"800\" height=\"970\" src=\"https:\/\/www.temaahsap.com\/wp-content\/uploads\/2024\/11\/n-cdde-businesss.jpg\" alt=\"\" class=\"wp-image-884\" srcset=\"https:\/\/www.temaahsap.com\/wp-content\/uploads\/2024\/11\/n-cdde-businesss.jpg 800w, https:\/\/www.temaahsap.com\/wp-content\/uploads\/2024\/11\/n-cdde-businesss-247x300.jpg 247w, https:\/\/www.temaahsap.com\/wp-content\/uploads\/2024\/11\/n-cdde-businesss-768x931.jpg 768w\" sizes=\"(max-width: 800px) 100vw, 800px\" \/><\/figure>\n\n\n\n<figure class=\"wp-block-image size-large\"><img decoding=\"async\" loading=\"lazy\" width=\"791\" height=\"1024\" src=\"https:\/\/www.temaahsap.com\/wp-content\/uploads\/2024\/11\/ncadde-791x1024.jpg\" alt=\"\" class=\"wp-image-883\" srcset=\"https:\/\/www.temaahsap.com\/wp-content\/uploads\/2024\/11\/ncadde-791x1024.jpg 791w, https:\/\/www.temaahsap.com\/wp-content\/uploads\/2024\/11\/ncadde-232x300.jpg 232w, https:\/\/www.temaahsap.com\/wp-content\/uploads\/2024\/11\/ncadde-768x995.jpg 768w, https:\/\/www.temaahsap.com\/wp-content\/uploads\/2024\/11\/ncadde.jpg 800w\" sizes=\"(max-width: 791px) 100vw, 791px\" \/><\/figure>\n<\/figure>\n<\/div><\/div>\n","protected":false},"excerpt":{"rendered":"<p>Woodwork Project Delivery<\/p>\n","protected":false},"author":1,"featured_media":0,"parent":0,"menu_order":0,"comment_status":"closed","ping_status":"closed","template":"","meta":[],"_links":{"self":[{"href":"https:\/\/www.temaahsap.com\/index.php?rest_route=\/wp\/v2\/pages\/474"}],"collection":[{"href":"https:\/\/www.temaahsap.com\/index.php?rest_route=\/wp\/v2\/pages"}],"about":[{"href":"https:\/\/www.temaahsap.com\/index.php?rest_route=\/wp\/v2\/types\/page"}],"author":[{"embeddable":true,"href":"https:\/\/www.temaahsap.com\/index.php?rest_route=\/wp\/v2\/users\/1"}],"replies":[{"embeddable":true,"href":"https:\/\/www.temaahsap.com\/index.php?rest_route=%2Fwp%2Fv2%2Fcomments&post=474"}],"version-history":[{"count":4,"href":"https:\/\/www.temaahsap.com\/index.php?rest_route=\/wp\/v2\/pages\/474\/revisions"}],"predecessor-version":[{"id":886,"href":"https:\/\/www.temaahsap.com\/index.php?rest_route=\/wp\/v2\/pages\/474\/revisions\/886"}],"wp:attachment":[{"href":"https:\/\/www.temaahsap.com\/index.php?rest_route=%2Fwp%2Fv2%2Fmedia&parent=474"}],"curies":[{"name":"wp","href":"https:\/\/api.w.org\/{rel}","templated":true}]}}