{"id":563,"date":"2020-12-16T17:59:29","date_gmt":"2020-12-16T14:59:29","guid":{"rendered":"http:\/\/www.temaahsap.com\/?page_id=563"},"modified":"2024-11-05T02:02:18","modified_gmt":"2024-11-04T23:02:18","slug":"yatas-bedding","status":"publish","type":"page","link":"https:\/\/www.temaahsap.com\/?page_id=563","title":{"rendered":"YATA\u015e BEDD\u0130NG"},"content":{"rendered":"\n<p><\/p>\n\n\n\n<p class=\"has-text-align-center\"><\/p>\n\n\n\n<p><\/p>\n\n\n\n<p class=\"has-text-align-center\">                                                                                                                                                                  <strong>F\u0130RMAMIZ YATA\u015e BEDD\u0130NG YETK\u0130L\u0130 BAY\u0130S\u0130D\u0130R<\/strong><\/p>\n\n\n\n<p class=\"has-text-align-center\"><strong>Our company is an authorized dealer of Yata\u015f Bedding<\/strong><\/p>\n\n\n\n<p class=\"has-text-align-left\">OTEL \/ YURT \/ KAMU PROJELER\u0130N\u0130ZDE  YATAK BAZA BA\u015eLIK  T\u00dcM TALEPLERE G\u00d6RE PROJE BAZLI  \u00d6ZEL \u00dcRET\u0130M YAPILMAKTADIR <\/p>\n\n\n\n<p>For your hotel, dormitory, and public projects, we offer custom production of bed bases and headboards based on project-specific requirements<\/p>\n\n\n\n<div class=\"wp-block-group is-layout-constrained\"><div class=\"wp-block-group__inner-container\">\n<figure class=\"wp-block-gallery has-nested-images columns-default is-cropped wp-block-gallery-1 is-layout-flex\">\n<figure class=\"wp-block-image size-large\"><a href=\"https:\/\/www.temaahsap.com\/wp-content\/uploads\/2020\/12\/WhatsApp-Image-2020-12-16-at-17.55.53.jpeg\"><img decoding=\"async\" loading=\"lazy\" width=\"969\" height=\"1024\" src=\"https:\/\/www.temaahsap.com\/wp-content\/uploads\/2020\/12\/WhatsApp-Image-2020-12-16-at-17.55.53-969x1024.jpeg\" alt=\"\" class=\"wp-image-577\" srcset=\"https:\/\/www.temaahsap.com\/wp-content\/uploads\/2020\/12\/WhatsApp-Image-2020-12-16-at-17.55.53.jpeg 969w, https:\/\/www.temaahsap.com\/wp-content\/uploads\/2020\/12\/WhatsApp-Image-2020-12-16-at-17.55.53-284x300.jpeg 284w, https:\/\/www.temaahsap.com\/wp-content\/uploads\/2020\/12\/WhatsApp-Image-2020-12-16-at-17.55.53-768x812.jpeg 768w\" sizes=\"(max-width: 969px) 100vw, 969px\" \/><\/a><\/figure>\n\n\n\n<figure class=\"wp-block-image size-large\"><a href=\"https:\/\/www.temaahsap.com\/wp-content\/uploads\/2020\/12\/0026934_move-up-master.jpeg\"><img decoding=\"async\" loading=\"lazy\" width=\"850\" height=\"600\" src=\"https:\/\/www.temaahsap.com\/wp-content\/uploads\/2020\/12\/0026934_move-up-master.jpeg\" alt=\"\" class=\"wp-image-566\" srcset=\"https:\/\/www.temaahsap.com\/wp-content\/uploads\/2020\/12\/0026934_move-up-master.jpeg 850w, https:\/\/www.temaahsap.com\/wp-content\/uploads\/2020\/12\/0026934_move-up-master-300x212.jpeg 300w, https:\/\/www.temaahsap.com\/wp-content\/uploads\/2020\/12\/0026934_move-up-master-768x542.jpeg 768w\" sizes=\"(max-width: 850px) 100vw, 850px\" \/><\/a><\/figure>\n\n\n\n<figure class=\"wp-block-image size-large\"><a href=\"https:\/\/www.temaahsap.com\/wp-content\/uploads\/2020\/12\/prestige-prime-yatak.jpg\"><img decoding=\"async\" loading=\"lazy\" width=\"702\" height=\"497\" src=\"https:\/\/www.temaahsap.com\/wp-content\/uploads\/2020\/12\/prestige-prime-yatak.jpg\" alt=\"\" class=\"wp-image-565\" srcset=\"https:\/\/www.temaahsap.com\/wp-content\/uploads\/2020\/12\/prestige-prime-yatak.jpg 702w, https:\/\/www.temaahsap.com\/wp-content\/uploads\/2020\/12\/prestige-prime-yatak-300x212.jpg 300w\" sizes=\"(max-width: 702px) 100vw, 702px\" \/><\/a><\/figure>\n\n\n\n<figure class=\"wp-block-image size-large\"><a href=\"https:\/\/www.temaahsap.com\/wp-content\/uploads\/2020\/12\/conform-sandikli-baza-detail855.jpg\"><img decoding=\"async\" loading=\"lazy\" width=\"1024\" height=\"720\" src=\"https:\/\/www.temaahsap.com\/wp-content\/uploads\/2020\/12\/conform-sandikli-baza-detail855-1024x720.jpg\" alt=\"\" class=\"wp-image-564\" srcset=\"https:\/\/www.temaahsap.com\/wp-content\/uploads\/2020\/12\/conform-sandikli-baza-detail855.jpg 1024w, https:\/\/www.temaahsap.com\/wp-content\/uploads\/2020\/12\/conform-sandikli-baza-detail855-300x211.jpg 300w, https:\/\/www.temaahsap.com\/wp-content\/uploads\/2020\/12\/conform-sandikli-baza-detail855-768x540.jpg 768w\" sizes=\"(max-width: 1024px) 100vw, 1024px\" \/><\/a><\/figure>\n\n\n\n<figure class=\"wp-block-image size-large\"><a href=\"https:\/\/www.temaahsap.com\/wp-content\/uploads\/2020\/12\/0031018_duchess.jpeg\"><img decoding=\"async\" loading=\"lazy\" width=\"850\" height=\"600\" src=\"https:\/\/www.temaahsap.com\/wp-content\/uploads\/2020\/12\/0031018_duchess.jpeg\" alt=\"\" class=\"wp-image-567\" srcset=\"https:\/\/www.temaahsap.com\/wp-content\/uploads\/2020\/12\/0031018_duchess.jpeg 850w, https:\/\/www.temaahsap.com\/wp-content\/uploads\/2020\/12\/0031018_duchess-300x212.jpeg 300w, https:\/\/www.temaahsap.com\/wp-content\/uploads\/2020\/12\/0031018_duchess-768x542.jpeg 768w\" sizes=\"(max-width: 850px) 100vw, 850px\" \/><\/a><\/figure>\n\n\n\n<figure class=\"wp-block-image size-large\"><a href=\"https:\/\/www.temaahsap.com\/wp-content\/uploads\/2020\/12\/0031799_tesla-sleep.jpeg\"><img decoding=\"async\" loading=\"lazy\" width=\"850\" height=\"600\" src=\"https:\/\/www.temaahsap.com\/wp-content\/uploads\/2020\/12\/0031799_tesla-sleep.jpeg\" alt=\"\" class=\"wp-image-569\" srcset=\"https:\/\/www.temaahsap.com\/wp-content\/uploads\/2020\/12\/0031799_tesla-sleep.jpeg 850w, https:\/\/www.temaahsap.com\/wp-content\/uploads\/2020\/12\/0031799_tesla-sleep-300x212.jpeg 300w, https:\/\/www.temaahsap.com\/wp-content\/uploads\/2020\/12\/0031799_tesla-sleep-768x542.jpeg 768w\" sizes=\"(max-width: 850px) 100vw, 850px\" \/><\/a><\/figure>\n\n\n\n<figure class=\"wp-block-image size-large\"><a href=\"https:\/\/www.temaahsap.com\/wp-content\/uploads\/2020\/12\/0031964_zero-gravity.jpeg\"><img decoding=\"async\" loading=\"lazy\" width=\"850\" height=\"600\" src=\"https:\/\/www.temaahsap.com\/wp-content\/uploads\/2020\/12\/0031964_zero-gravity.jpeg\" alt=\"\" class=\"wp-image-570\" srcset=\"https:\/\/www.temaahsap.com\/wp-content\/uploads\/2020\/12\/0031964_zero-gravity.jpeg 850w, https:\/\/www.temaahsap.com\/wp-content\/uploads\/2020\/12\/0031964_zero-gravity-300x212.jpeg 300w, https:\/\/www.temaahsap.com\/wp-content\/uploads\/2020\/12\/0031964_zero-gravity-768x542.jpeg 768w\" sizes=\"(max-width: 850px) 100vw, 850px\" \/><\/a><\/figure>\n\n\n\n<figure class=\"wp-block-image size-large\"><a href=\"https:\/\/www.temaahsap.com\/wp-content\/uploads\/2020\/12\/0031045_ergocoil-infinity.jpeg\"><img decoding=\"async\" loading=\"lazy\" width=\"850\" height=\"600\" src=\"https:\/\/www.temaahsap.com\/wp-content\/uploads\/2020\/12\/0031045_ergocoil-infinity.jpeg\" alt=\"\" class=\"wp-image-568\" srcset=\"https:\/\/www.temaahsap.com\/wp-content\/uploads\/2020\/12\/0031045_ergocoil-infinity.jpeg 850w, https:\/\/www.temaahsap.com\/wp-content\/uploads\/2020\/12\/0031045_ergocoil-infinity-300x212.jpeg 300w, https:\/\/www.temaahsap.com\/wp-content\/uploads\/2020\/12\/0031045_ergocoil-infinity-768x542.jpeg 768w\" sizes=\"(max-width: 850px) 100vw, 850px\" \/><\/a><\/figure>\n\n\n\n<figure class=\"wp-block-image size-large\"><a href=\"https:\/\/www.temaahsap.com\/wp-content\/uploads\/2020\/12\/baza-ba\u015fl\u0131k-2.jpg\"><img decoding=\"async\" loading=\"lazy\" width=\"1024\" height=\"606\" src=\"https:\/\/www.temaahsap.com\/wp-content\/uploads\/2020\/12\/baza-ba\u015fl\u0131k-2-1024x606.jpg\" alt=\"\" class=\"wp-image-571\" srcset=\"https:\/\/www.temaahsap.com\/wp-content\/uploads\/2020\/12\/baza-ba\u015fl\u0131k-2-1024x606.jpg 1024w, https:\/\/www.temaahsap.com\/wp-content\/uploads\/2020\/12\/baza-ba\u015fl\u0131k-2-300x178.jpg 300w, https:\/\/www.temaahsap.com\/wp-content\/uploads\/2020\/12\/baza-ba\u015fl\u0131k-2-768x455.jpg 768w\" sizes=\"(max-width: 1024px) 100vw, 1024px\" \/><\/a><\/figure>\n\n\n\n<figure class=\"wp-block-image size-large\"><a href=\"https:\/\/www.temaahsap.com\/wp-content\/uploads\/2020\/12\/bliss-baza-detail584.jpg\"><img decoding=\"async\" loading=\"lazy\" width=\"1024\" height=\"720\" src=\"https:\/\/www.temaahsap.com\/wp-content\/uploads\/2020\/12\/bliss-baza-detail584-1024x720.jpg\" alt=\"\" class=\"wp-image-573\" srcset=\"https:\/\/www.temaahsap.com\/wp-content\/uploads\/2020\/12\/bliss-baza-detail584.jpg 1024w, https:\/\/www.temaahsap.com\/wp-content\/uploads\/2020\/12\/bliss-baza-detail584-300x211.jpg 300w, https:\/\/www.temaahsap.com\/wp-content\/uploads\/2020\/12\/bliss-baza-detail584-768x540.jpg 768w\" sizes=\"(max-width: 1024px) 100vw, 1024px\" \/><\/a><\/figure>\n\n\n\n<figure class=\"wp-block-image size-large\"><a href=\"https:\/\/www.temaahsap.com\/wp-content\/uploads\/2020\/12\/conform-sandikli-baza-detail308.jpg\"><img decoding=\"async\" loading=\"lazy\" width=\"1024\" height=\"720\" src=\"https:\/\/www.temaahsap.com\/wp-content\/uploads\/2020\/12\/conform-sandikli-baza-detail308-1024x720.jpg\" alt=\"\" class=\"wp-image-576\" srcset=\"https:\/\/www.temaahsap.com\/wp-content\/uploads\/2020\/12\/conform-sandikli-baza-detail308.jpg 1024w, https:\/\/www.temaahsap.com\/wp-content\/uploads\/2020\/12\/conform-sandikli-baza-detail308-300x211.jpg 300w, https:\/\/www.temaahsap.com\/wp-content\/uploads\/2020\/12\/conform-sandikli-baza-detail308-768x540.jpg 768w\" sizes=\"(max-width: 1024px) 100vw, 1024px\" \/><\/a><\/figure>\n\n\n\n<figure class=\"wp-block-image size-large\"><a href=\"https:\/\/www.temaahsap.com\/wp-content\/uploads\/2020\/12\/bliss-baza-detail880.jpg\"><img decoding=\"async\" loading=\"lazy\" width=\"1024\" height=\"720\" src=\"https:\/\/www.temaahsap.com\/wp-content\/uploads\/2020\/12\/bliss-baza-detail880-1024x720.jpg\" alt=\"\" class=\"wp-image-574\" srcset=\"https:\/\/www.temaahsap.com\/wp-content\/uploads\/2020\/12\/bliss-baza-detail880.jpg 1024w, https:\/\/www.temaahsap.com\/wp-content\/uploads\/2020\/12\/bliss-baza-detail880-300x211.jpg 300w, https:\/\/www.temaahsap.com\/wp-content\/uploads\/2020\/12\/bliss-baza-detail880-768x540.jpg 768w\" sizes=\"(max-width: 1024px) 100vw, 1024px\" \/><\/a><\/figure>\n\n\n\n<figure class=\"wp-block-image size-large\"><a href=\"https:\/\/www.temaahsap.com\/wp-content\/uploads\/2020\/12\/bliss-sandiksiz-baza-detail147.jpg\"><img decoding=\"async\" loading=\"lazy\" width=\"750\" height=\"400\" src=\"https:\/\/www.temaahsap.com\/wp-content\/uploads\/2020\/12\/bliss-sandiksiz-baza-detail147.jpg\" alt=\"\" class=\"wp-image-575\" srcset=\"https:\/\/www.temaahsap.com\/wp-content\/uploads\/2020\/12\/bliss-sandiksiz-baza-detail147.jpg 750w, https:\/\/www.temaahsap.com\/wp-content\/uploads\/2020\/12\/bliss-sandiksiz-baza-detail147-300x160.jpg 300w\" sizes=\"(max-width: 750px) 100vw, 750px\" \/><\/a><\/figure>\n\n\n\n<figure class=\"wp-block-image size-large\"><a href=\"https:\/\/www.temaahsap.com\/wp-content\/uploads\/2020\/12\/baza-birle\u015ftirme-se\u00e7enekleri.jpg\"><img decoding=\"async\" loading=\"lazy\" width=\"449\" height=\"521\" src=\"https:\/\/www.temaahsap.com\/wp-content\/uploads\/2020\/12\/baza-birle\u015ftirme-se\u00e7enekleri.jpg\" alt=\"\" class=\"wp-image-572\" srcset=\"https:\/\/www.temaahsap.com\/wp-content\/uploads\/2020\/12\/baza-birle\u015ftirme-se\u00e7enekleri.jpg 449w, https:\/\/www.temaahsap.com\/wp-content\/uploads\/2020\/12\/baza-birle\u015ftirme-se\u00e7enekleri-259x300.jpg 259w\" sizes=\"(max-width: 449px) 100vw, 449px\" \/><\/a><\/figure>\n<\/figure>\n<\/div><\/div>\n","protected":false},"excerpt":{"rendered":"<p>F\u0130RMAMIZ YATA\u015e BEDD\u0130NG YETK\u0130L\u0130 BAY\u0130S\u0130D\u0130R Our company is an authorized dealer of Yata\u015f Bedding OTEL \/ YURT \/ KAMU PROJELER\u0130N\u0130ZDE YATAK BAZA BA\u015eLIK T\u00dcM TALEPLERE G\u00d6RE PROJE BAZLI \u00d6ZEL \u00dcRET\u0130M YAPILMAKTADIR For your hotel, dormitory, and public projects, we offer custom production of bed bases and headboards based on project-specific requirements<\/p>\n","protected":false},"author":2,"featured_media":0,"parent":0,"menu_order":0,"comment_status":"closed","ping_status":"closed","template":"","meta":[],"_links":{"self":[{"href":"https:\/\/www.temaahsap.com\/index.php?rest_route=\/wp\/v2\/pages\/563"}],"collection":[{"href":"https:\/\/www.temaahsap.com\/index.php?rest_route=\/wp\/v2\/pages"}],"about":[{"href":"https:\/\/www.temaahsap.com\/index.php?rest_route=\/wp\/v2\/types\/page"}],"author":[{"embeddable":true,"href":"https:\/\/www.temaahsap.com\/index.php?rest_route=\/wp\/v2\/users\/2"}],"replies":[{"embeddable":true,"href":"https:\/\/www.temaahsap.com\/index.php?rest_route=%2Fwp%2Fv2%2Fcomments&post=563"}],"version-history":[{"count":10,"href":"https:\/\/www.temaahsap.com\/index.php?rest_route=\/wp\/v2\/pages\/563\/revisions"}],"predecessor-version":[{"id":941,"href":"https:\/\/www.temaahsap.com\/index.php?rest_route=\/wp\/v2\/pages\/563\/revisions\/941"}],"wp:attachment":[{"href":"https:\/\/www.temaahsap.com\/index.php?rest_route=%2Fwp%2Fv2%2Fmedia&parent=563"}],"curies":[{"name":"wp","href":"https:\/\/api.w.org\/{rel}","templated":true}]}}