{"id":642,"date":"2022-10-27T00:34:24","date_gmt":"2022-10-26T21:34:24","guid":{"rendered":"http:\/\/www.temaahsap.com\/?page_id=642"},"modified":"2024-11-05T02:08:45","modified_gmt":"2024-11-04T23:08:45","slug":"nijerya-otel-2022","status":"publish","type":"page","link":"https:\/\/www.temaahsap.com\/?page_id=642","title":{"rendered":"NIGERIA OTEL PROJECT 2024"},"content":{"rendered":"\n<p>Nijerya Port Harcourt \u015fehrinde 81 odal\u0131 otelin genel t\u00fcm mekanlar, restaurant , lobi sabit ah\u015faplar\u0131 ,konferans salonu ve connect room ve standart odalar\u0131n t\u00fcm ah\u015fap i\u015fleri \u00fcretim ve montajlar\u0131 tamamlanm\u0131\u015ft\u0131r. <\/p>\n\n\n\n<p>In Port Harcourt, Nigeria, the production and installation of all wooden works for the hotel with 81 rooms have been completed. This includes all common areas, the restaurant, lobby fixed woodwork, conference room, connect room, and standard rooms.<\/p>\n\n\n\n<figure class=\"wp-block-gallery has-nested-images columns-default is-cropped wp-block-gallery-1 is-layout-flex\">\n<figure class=\"wp-block-image size-large is-style-default\"><img decoding=\"async\" loading=\"lazy\" width=\"768\" height=\"1024\" data-id=\"775\"  src=\"https:\/\/www.temaahsap.com\/wp-content\/uploads\/2024\/06\/0c604db0-3b95-45d6-9fa8-ef58b0088cc1_11zon-768x1024.jpg\" alt=\"\" class=\"wp-image-775\" srcset=\"https:\/\/www.temaahsap.com\/wp-content\/uploads\/2024\/06\/0c604db0-3b95-45d6-9fa8-ef58b0088cc1_11zon-768x1024.jpg 768w, https:\/\/www.temaahsap.com\/wp-content\/uploads\/2024\/06\/0c604db0-3b95-45d6-9fa8-ef58b0088cc1_11zon-225x300.jpg 225w, https:\/\/www.temaahsap.com\/wp-content\/uploads\/2024\/06\/0c604db0-3b95-45d6-9fa8-ef58b0088cc1_11zon-1152x1536.jpg 1152w, https:\/\/www.temaahsap.com\/wp-content\/uploads\/2024\/06\/0c604db0-3b95-45d6-9fa8-ef58b0088cc1_11zon-1536x2048.jpg 1536w, https:\/\/www.temaahsap.com\/wp-content\/uploads\/2024\/06\/0c604db0-3b95-45d6-9fa8-ef58b0088cc1_11zon-scaled.jpg 1920w\" sizes=\"(max-width: 768px) 100vw, 768px\" \/><\/figure>\n\n\n\n<figure class=\"wp-block-image size-large\"><img decoding=\"async\" loading=\"lazy\" width=\"768\" height=\"1024\" data-id=\"774\"  src=\"https:\/\/www.temaahsap.com\/wp-content\/uploads\/2024\/06\/6b28b3d1-22fe-42cf-a095-37e34be9790d_11zon-768x1024.jpg\" alt=\"\" class=\"wp-image-774\" srcset=\"https:\/\/www.temaahsap.com\/wp-content\/uploads\/2024\/06\/6b28b3d1-22fe-42cf-a095-37e34be9790d_11zon-768x1024.jpg 768w, https:\/\/www.temaahsap.com\/wp-content\/uploads\/2024\/06\/6b28b3d1-22fe-42cf-a095-37e34be9790d_11zon-225x300.jpg 225w, https:\/\/www.temaahsap.com\/wp-content\/uploads\/2024\/06\/6b28b3d1-22fe-42cf-a095-37e34be9790d_11zon-1152x1536.jpg 1152w, https:\/\/www.temaahsap.com\/wp-content\/uploads\/2024\/06\/6b28b3d1-22fe-42cf-a095-37e34be9790d_11zon-1536x2048.jpg 1536w, https:\/\/www.temaahsap.com\/wp-content\/uploads\/2024\/06\/6b28b3d1-22fe-42cf-a095-37e34be9790d_11zon-scaled.jpg 1920w\" sizes=\"(max-width: 768px) 100vw, 768px\" \/><\/figure>\n\n\n\n<figure class=\"wp-block-image size-large\"><img decoding=\"async\" loading=\"lazy\" width=\"1024\" height=\"768\" data-id=\"773\"  src=\"https:\/\/www.temaahsap.com\/wp-content\/uploads\/2024\/06\/6c973008-16bf-471a-a82d-eced42c4d948_11zon-1024x768.jpg\" alt=\"\" class=\"wp-image-773\" srcset=\"https:\/\/www.temaahsap.com\/wp-content\/uploads\/2024\/06\/6c973008-16bf-471a-a82d-eced42c4d948_11zon-1024x768.jpg 1024w, https:\/\/www.temaahsap.com\/wp-content\/uploads\/2024\/06\/6c973008-16bf-471a-a82d-eced42c4d948_11zon-300x225.jpg 300w, https:\/\/www.temaahsap.com\/wp-content\/uploads\/2024\/06\/6c973008-16bf-471a-a82d-eced42c4d948_11zon-768x576.jpg 768w, https:\/\/www.temaahsap.com\/wp-content\/uploads\/2024\/06\/6c973008-16bf-471a-a82d-eced42c4d948_11zon-1536x1152.jpg 1536w\" sizes=\"(max-width: 1024px) 100vw, 1024px\" \/><\/figure>\n\n\n\n<figure class=\"wp-block-image size-large\"><img decoding=\"async\" loading=\"lazy\" width=\"768\" height=\"1024\" data-id=\"772\"  src=\"https:\/\/www.temaahsap.com\/wp-content\/uploads\/2024\/06\/7ddca520-2c6a-46a9-840e-85c0689f40cc_11zon-768x1024.jpg\" alt=\"\" class=\"wp-image-772\" srcset=\"https:\/\/www.temaahsap.com\/wp-content\/uploads\/2024\/06\/7ddca520-2c6a-46a9-840e-85c0689f40cc_11zon-768x1024.jpg 768w, https:\/\/www.temaahsap.com\/wp-content\/uploads\/2024\/06\/7ddca520-2c6a-46a9-840e-85c0689f40cc_11zon-225x300.jpg 225w, https:\/\/www.temaahsap.com\/wp-content\/uploads\/2024\/06\/7ddca520-2c6a-46a9-840e-85c0689f40cc_11zon-1152x1536.jpg 1152w, https:\/\/www.temaahsap.com\/wp-content\/uploads\/2024\/06\/7ddca520-2c6a-46a9-840e-85c0689f40cc_11zon-1536x2048.jpg 1536w, https:\/\/www.temaahsap.com\/wp-content\/uploads\/2024\/06\/7ddca520-2c6a-46a9-840e-85c0689f40cc_11zon-scaled.jpg 1920w\" sizes=\"(max-width: 768px) 100vw, 768px\" \/><\/figure>\n\n\n\n<figure class=\"wp-block-image size-large\"><img decoding=\"async\" loading=\"lazy\" width=\"768\" height=\"1024\" data-id=\"771\"  src=\"https:\/\/www.temaahsap.com\/wp-content\/uploads\/2024\/06\/a6345d71-e769-452c-adb5-728054dfdad0_11zon-768x1024.jpg\" alt=\"\" class=\"wp-image-771\" srcset=\"https:\/\/www.temaahsap.com\/wp-content\/uploads\/2024\/06\/a6345d71-e769-452c-adb5-728054dfdad0_11zon-768x1024.jpg 768w, https:\/\/www.temaahsap.com\/wp-content\/uploads\/2024\/06\/a6345d71-e769-452c-adb5-728054dfdad0_11zon-225x300.jpg 225w, https:\/\/www.temaahsap.com\/wp-content\/uploads\/2024\/06\/a6345d71-e769-452c-adb5-728054dfdad0_11zon-1152x1536.jpg 1152w, https:\/\/www.temaahsap.com\/wp-content\/uploads\/2024\/06\/a6345d71-e769-452c-adb5-728054dfdad0_11zon-1536x2048.jpg 1536w, https:\/\/www.temaahsap.com\/wp-content\/uploads\/2024\/06\/a6345d71-e769-452c-adb5-728054dfdad0_11zon-scaled.jpg 1920w\" sizes=\"(max-width: 768px) 100vw, 768px\" \/><\/figure>\n\n\n\n<figure class=\"wp-block-image size-large\"><img decoding=\"async\" loading=\"lazy\" width=\"768\" height=\"1024\" data-id=\"770\"  src=\"https:\/\/www.temaahsap.com\/wp-content\/uploads\/2024\/06\/a696ec19-5f8a-44ff-bd67-a9cf5e7e422c_11zon-768x1024.jpg\" alt=\"\" class=\"wp-image-770\" srcset=\"https:\/\/www.temaahsap.com\/wp-content\/uploads\/2024\/06\/a696ec19-5f8a-44ff-bd67-a9cf5e7e422c_11zon-768x1024.jpg 768w, https:\/\/www.temaahsap.com\/wp-content\/uploads\/2024\/06\/a696ec19-5f8a-44ff-bd67-a9cf5e7e422c_11zon-225x300.jpg 225w, https:\/\/www.temaahsap.com\/wp-content\/uploads\/2024\/06\/a696ec19-5f8a-44ff-bd67-a9cf5e7e422c_11zon-1152x1536.jpg 1152w, https:\/\/www.temaahsap.com\/wp-content\/uploads\/2024\/06\/a696ec19-5f8a-44ff-bd67-a9cf5e7e422c_11zon-1536x2048.jpg 1536w, https:\/\/www.temaahsap.com\/wp-content\/uploads\/2024\/06\/a696ec19-5f8a-44ff-bd67-a9cf5e7e422c_11zon-scaled.jpg 1920w\" sizes=\"(max-width: 768px) 100vw, 768px\" \/><\/figure>\n\n\n\n<figure class=\"wp-block-image size-large\"><img decoding=\"async\" loading=\"lazy\" width=\"768\" height=\"1024\" data-id=\"769\"  src=\"https:\/\/www.temaahsap.com\/wp-content\/uploads\/2024\/06\/625e1912-9c66-4789-998c-b7431e5350ae_11zon-768x1024.jpg\" alt=\"\" class=\"wp-image-769\" srcset=\"https:\/\/www.temaahsap.com\/wp-content\/uploads\/2024\/06\/625e1912-9c66-4789-998c-b7431e5350ae_11zon-768x1024.jpg 768w, https:\/\/www.temaahsap.com\/wp-content\/uploads\/2024\/06\/625e1912-9c66-4789-998c-b7431e5350ae_11zon-225x300.jpg 225w, https:\/\/www.temaahsap.com\/wp-content\/uploads\/2024\/06\/625e1912-9c66-4789-998c-b7431e5350ae_11zon-1152x1536.jpg 1152w, https:\/\/www.temaahsap.com\/wp-content\/uploads\/2024\/06\/625e1912-9c66-4789-998c-b7431e5350ae_11zon-1536x2048.jpg 1536w, https:\/\/www.temaahsap.com\/wp-content\/uploads\/2024\/06\/625e1912-9c66-4789-998c-b7431e5350ae_11zon-scaled.jpg 1920w\" sizes=\"(max-width: 768px) 100vw, 768px\" \/><\/figure>\n\n\n\n<figure class=\"wp-block-image size-large\"><img decoding=\"async\" loading=\"lazy\" width=\"768\" height=\"1024\" data-id=\"768\"  src=\"https:\/\/www.temaahsap.com\/wp-content\/uploads\/2024\/06\/9d4088b3-fb56-49a7-a3ee-0491456d6f8f_11zon-768x1024.jpg\" alt=\"\" class=\"wp-image-768\" srcset=\"https:\/\/www.temaahsap.com\/wp-content\/uploads\/2024\/06\/9d4088b3-fb56-49a7-a3ee-0491456d6f8f_11zon-768x1024.jpg 768w, https:\/\/www.temaahsap.com\/wp-content\/uploads\/2024\/06\/9d4088b3-fb56-49a7-a3ee-0491456d6f8f_11zon-225x300.jpg 225w, https:\/\/www.temaahsap.com\/wp-content\/uploads\/2024\/06\/9d4088b3-fb56-49a7-a3ee-0491456d6f8f_11zon-1152x1536.jpg 1152w, https:\/\/www.temaahsap.com\/wp-content\/uploads\/2024\/06\/9d4088b3-fb56-49a7-a3ee-0491456d6f8f_11zon-1536x2048.jpg 1536w, https:\/\/www.temaahsap.com\/wp-content\/uploads\/2024\/06\/9d4088b3-fb56-49a7-a3ee-0491456d6f8f_11zon-scaled.jpg 1920w\" sizes=\"(max-width: 768px) 100vw, 768px\" \/><\/figure>\n\n\n\n<figure class=\"wp-block-image size-large\"><img decoding=\"async\" loading=\"lazy\" width=\"1024\" height=\"768\" data-id=\"767\"  src=\"https:\/\/www.temaahsap.com\/wp-content\/uploads\/2024\/06\/b91be11f-b5ec-4380-a2d2-e15216c46a15_11zon-1024x768.jpg\" alt=\"\" class=\"wp-image-767\" srcset=\"https:\/\/www.temaahsap.com\/wp-content\/uploads\/2024\/06\/b91be11f-b5ec-4380-a2d2-e15216c46a15_11zon-1024x768.jpg 1024w, https:\/\/www.temaahsap.com\/wp-content\/uploads\/2024\/06\/b91be11f-b5ec-4380-a2d2-e15216c46a15_11zon-300x225.jpg 300w, https:\/\/www.temaahsap.com\/wp-content\/uploads\/2024\/06\/b91be11f-b5ec-4380-a2d2-e15216c46a15_11zon-768x576.jpg 768w, https:\/\/www.temaahsap.com\/wp-content\/uploads\/2024\/06\/b91be11f-b5ec-4380-a2d2-e15216c46a15_11zon-1536x1152.jpg 1536w\" sizes=\"(max-width: 1024px) 100vw, 1024px\" \/><\/figure>\n\n\n\n<figure class=\"wp-block-image size-large\"><img decoding=\"async\" loading=\"lazy\" width=\"768\" height=\"1024\" data-id=\"766\"  src=\"https:\/\/www.temaahsap.com\/wp-content\/uploads\/2024\/06\/e1796a32-12ed-4c69-b730-581436ccbfb1_11zon-768x1024.jpg\" alt=\"\" class=\"wp-image-766\" srcset=\"https:\/\/www.temaahsap.com\/wp-content\/uploads\/2024\/06\/e1796a32-12ed-4c69-b730-581436ccbfb1_11zon-768x1024.jpg 768w, https:\/\/www.temaahsap.com\/wp-content\/uploads\/2024\/06\/e1796a32-12ed-4c69-b730-581436ccbfb1_11zon-225x300.jpg 225w, https:\/\/www.temaahsap.com\/wp-content\/uploads\/2024\/06\/e1796a32-12ed-4c69-b730-581436ccbfb1_11zon-1152x1536.jpg 1152w, https:\/\/www.temaahsap.com\/wp-content\/uploads\/2024\/06\/e1796a32-12ed-4c69-b730-581436ccbfb1_11zon-1536x2048.jpg 1536w, https:\/\/www.temaahsap.com\/wp-content\/uploads\/2024\/06\/e1796a32-12ed-4c69-b730-581436ccbfb1_11zon-scaled.jpg 1920w\" sizes=\"(max-width: 768px) 100vw, 768px\" \/><\/figure>\n\n\n\n<figure class=\"wp-block-image size-large\"><img decoding=\"async\" loading=\"lazy\" width=\"768\" height=\"1024\" data-id=\"765\"  src=\"https:\/\/www.temaahsap.com\/wp-content\/uploads\/2024\/06\/f21a5d58-5721-4554-b0c5-5b6205a14ffd_11zon-768x1024.jpg\" alt=\"\" class=\"wp-image-765\" srcset=\"https:\/\/www.temaahsap.com\/wp-content\/uploads\/2024\/06\/f21a5d58-5721-4554-b0c5-5b6205a14ffd_11zon-768x1024.jpg 768w, https:\/\/www.temaahsap.com\/wp-content\/uploads\/2024\/06\/f21a5d58-5721-4554-b0c5-5b6205a14ffd_11zon-225x300.jpg 225w, https:\/\/www.temaahsap.com\/wp-content\/uploads\/2024\/06\/f21a5d58-5721-4554-b0c5-5b6205a14ffd_11zon-1152x1536.jpg 1152w, https:\/\/www.temaahsap.com\/wp-content\/uploads\/2024\/06\/f21a5d58-5721-4554-b0c5-5b6205a14ffd_11zon-1536x2048.jpg 1536w, https:\/\/www.temaahsap.com\/wp-content\/uploads\/2024\/06\/f21a5d58-5721-4554-b0c5-5b6205a14ffd_11zon-scaled.jpg 1920w\" sizes=\"(max-width: 768px) 100vw, 768px\" \/><\/figure>\n<\/figure>\n\n\n\n<figure class=\"wp-block-gallery has-nested-images columns-2 is-cropped wp-block-gallery-3 is-layout-flex\">\n<figure class=\"wp-block-image size-large\"><a href=\"https:\/\/www.temaahsap.com\/wp-content\/uploads\/2024\/06\/40c604db0-3b95-45d6-9fa8-ef58b0088cc1-scaled.jpg\"><img decoding=\"async\" loading=\"lazy\" width=\"768\" height=\"1024\" data-id=\"760\"  src=\"https:\/\/www.temaahsap.com\/wp-content\/uploads\/2024\/06\/40c604db0-3b95-45d6-9fa8-ef58b0088cc1-768x1024.jpg\" alt=\"\" class=\"wp-image-760\" srcset=\"https:\/\/www.temaahsap.com\/wp-content\/uploads\/2024\/06\/40c604db0-3b95-45d6-9fa8-ef58b0088cc1-768x1024.jpg 768w, https:\/\/www.temaahsap.com\/wp-content\/uploads\/2024\/06\/40c604db0-3b95-45d6-9fa8-ef58b0088cc1-225x300.jpg 225w, https:\/\/www.temaahsap.com\/wp-content\/uploads\/2024\/06\/40c604db0-3b95-45d6-9fa8-ef58b0088cc1-1152x1536.jpg 1152w, https:\/\/www.temaahsap.com\/wp-content\/uploads\/2024\/06\/40c604db0-3b95-45d6-9fa8-ef58b0088cc1-1536x2048.jpg 1536w, https:\/\/www.temaahsap.com\/wp-content\/uploads\/2024\/06\/40c604db0-3b95-45d6-9fa8-ef58b0088cc1-scaled.jpg 1920w\" sizes=\"(max-width: 768px) 100vw, 768px\" \/><\/a><\/figure>\n<\/figure>\n","protected":false},"excerpt":{"rendered":"<p>Nijerya Port Harcourt \u015fehrinde 81 odal\u0131 otelin genel t\u00fcm mekanlar, restaurant , lobi sabit ah\u015faplar\u0131 ,konferans salonu ve connect room ve standart odalar\u0131n t\u00fcm ah\u015fap i\u015fleri \u00fcretim ve montajlar\u0131 tamamlanm\u0131\u015ft\u0131r. In Port Harcourt, Nigeria, the production and installation of all wooden works for the hotel with 81 rooms have been completed. This includes all common [&hellip;]<\/p>\n","protected":false},"author":1,"featured_media":0,"parent":0,"menu_order":0,"comment_status":"closed","ping_status":"closed","template":"","meta":[],"_links":{"self":[{"href":"https:\/\/www.temaahsap.com\/index.php?rest_route=\/wp\/v2\/pages\/642"}],"collection":[{"href":"https:\/\/www.temaahsap.com\/index.php?rest_route=\/wp\/v2\/pages"}],"about":[{"href":"https:\/\/www.temaahsap.com\/index.php?rest_route=\/wp\/v2\/types\/page"}],"author":[{"embeddable":true,"href":"https:\/\/www.temaahsap.com\/index.php?rest_route=\/wp\/v2\/users\/1"}],"replies":[{"embeddable":true,"href":"https:\/\/www.temaahsap.com\/index.php?rest_route=%2Fwp%2Fv2%2Fcomments&post=642"}],"version-history":[{"count":21,"href":"https:\/\/www.temaahsap.com\/index.php?rest_route=\/wp\/v2\/pages\/642\/revisions"}],"predecessor-version":[{"id":944,"href":"https:\/\/www.temaahsap.com\/index.php?rest_route=\/wp\/v2\/pages\/642\/revisions\/944"}],"wp:attachment":[{"href":"https:\/\/www.temaahsap.com\/index.php?rest_route=%2Fwp%2Fv2%2Fmedia&parent=642"}],"curies":[{"name":"wp","href":"https:\/\/api.w.org\/{rel}","templated":true}]}}